{"id":45,"date":"2021-02-15T08:30:15","date_gmt":"2021-02-15T08:30:15","guid":{"rendered":"https:\/\/abc-construct.ro\/?page_id=45"},"modified":"2025-02-17T14:54:16","modified_gmt":"2025-02-17T14:54:16","slug":"montaj-instalatii-sanitare-si-termice","status":"publish","type":"page","link":"https:\/\/abc-construct.ro\/index.php\/montaj-instalatii-sanitare-si-termice\/","title":{"rendered":"Instalatii sanitare Bucuresti &#8211; 0757721155"},"content":{"rendered":"\n<div class=\"wp-block-media-text alignwide is-stacked-on-mobile\" style=\"grid-template-columns:32% auto\"><figure class=\"wp-block-media-text__media\"><img loading=\"lazy\" decoding=\"async\" width=\"1024\" height=\"768\" src=\"https:\/\/abc-construct.ro\/wp-content\/uploads\/2021\/02\/Fisier_015-1024x768.jpeg\" alt=\"\" class=\"wp-image-42 size-full\" srcset=\"https:\/\/abc-construct.ro\/wp-content\/uploads\/2021\/02\/Fisier_015-1024x768.jpeg 1024w, https:\/\/abc-construct.ro\/wp-content\/uploads\/2021\/02\/Fisier_015-300x225.jpeg 300w, https:\/\/abc-construct.ro\/wp-content\/uploads\/2021\/02\/Fisier_015-768x576.jpeg 768w, https:\/\/abc-construct.ro\/wp-content\/uploads\/2021\/02\/Fisier_015-1536x1152.jpeg 1536w, https:\/\/abc-construct.ro\/wp-content\/uploads\/2021\/02\/Fisier_015.jpeg 1600w\" sizes=\"auto, (max-width: 1024px) 100vw, 1024px\" \/><\/figure><div class=\"wp-block-media-text__content\">\n<h3 class=\"wp-block-heading\" id=\"montaj-instalatii-sanitare-si-termice\"><strong><strong>MONTAJ INSTALATII SANITARE SI TERMICE<\/strong><\/strong><\/h3>\n\n\n\n<p><mark style=\"background-color:rgba(0, 0, 0, 0)\" class=\"has-inline-color has-black-color\">Intelegem si respectam nevoia clientului de a avea nu doar o casa ci o locuinta, iar o locuinta presupune existenta instalatiilor de apa si canalizare, pentru o exploatare adecvata. Suntem cei mai in masura sa asiguram montajul acestora, cu atat mai mult in cazul proiectelor proprii de constructii.<\/mark><\/p>\n\n\n\n<p><mark style=\"background-color:rgba(0, 0, 0, 0)\" class=\"has-inline-color has-black-color\">\u00cencep\u00e2nd de la \u00eenlocuirea coloanelor de apa calda \u0219i rece \u0219i termin\u00e2nd cu \u00eenlocuirea tuturor instala\u021biilor din imobil, echipele noastre de profesioni\u0219ti sunt gata sa preia orice tip de lucrare, indiferent de amploarea acesteia.<\/mark><\/p>\n\n\n\n<p><mark style=\"background-color:rgba(0, 0, 0, 0)\" class=\"has-inline-color has-black-color\">Modul nostru de lucru este pe placul oric\u0103rui beneficiar, in sensul ca suntem flexibili in negocierea preturilor. Oferim clien\u021bilor mai multe variante de lucru, astfel, ace\u0219tia vor avea posibilitatea de a alege cel mai bun raport calitate-pret.<\/mark><\/p>\n\n\n\n<p><strong>Instalatii sanitare Bucuresti<\/strong><\/p>\n\n\n\n<figure class=\"wp-block-image size-full\"><img loading=\"lazy\" decoding=\"async\" width=\"304\" height=\"360\" src=\"https:\/\/abc-construct.ro\/wp-content\/uploads\/2021\/08\/in4.jpeg\" alt=\"\" class=\"wp-image-256\" srcset=\"https:\/\/abc-construct.ro\/wp-content\/uploads\/2021\/08\/in4.jpeg 304w, https:\/\/abc-construct.ro\/wp-content\/uploads\/2021\/08\/in4-253x300.jpeg 253w\" sizes=\"auto, (max-width: 304px) 100vw, 304px\" \/><\/figure>\n\n\n\n<p><mark style=\"background-color:rgba(0, 0, 0, 0)\" class=\"has-inline-color has-black-color\">Instalatiile sanitare vor fi executate numai in baza unui proiect initial, aprobat si autorizat de catre proiectant astfel, siguranta si randamentul sa fie maxim. Proiectarea instalatiei sanitare va avea la baza toate detaliile incaperilor,structurii zidurilor, cat si pozitionarea acestora fata de punctele cardinale.<br>Instala\u021biile sanitare vor fi dimensionata cu grija, astfel, randamentul sa fie optim.<\/mark><\/p>\n\n\n\n<p><mark style=\"background-color:rgba(0, 0, 0, 0)\" class=\"has-inline-color has-black-color\">In Bucuresti, ne deplasam la orice interven\u021bie privind avarii la instala\u021biile sanitare.<br>Garan\u021bia lucrului bine f\u0103cut primeaz\u0103 in contextul rela\u021biei cu clientul.<\/mark><\/p>\n\n\n\n<p><strong>Montaj obiecte sanitare<\/strong><\/p>\n\n\n\n<figure class=\"wp-block-image size-full\"><img loading=\"lazy\" decoding=\"async\" width=\"775\" height=\"450\" src=\"https:\/\/abc-construct.ro\/wp-content\/uploads\/2021\/08\/in2.jpeg\" alt=\"\" class=\"wp-image-252\" srcset=\"https:\/\/abc-construct.ro\/wp-content\/uploads\/2021\/08\/in2.jpeg 775w, https:\/\/abc-construct.ro\/wp-content\/uploads\/2021\/08\/in2-300x174.jpeg 300w, https:\/\/abc-construct.ro\/wp-content\/uploads\/2021\/08\/in2-768x446.jpeg 768w\" sizes=\"auto, (max-width: 775px) 100vw, 775px\" \/><\/figure>\n\n\n\n<p>Montam: centrale termice, calorifere, lavoare, cazi de baie, bideuri, cabine de dus, hidrofoare, sta\u021bii de pompare, etc\u2026<\/p>\n\n\n\n<figure class=\"wp-block-image size-full\"><img loading=\"lazy\" decoding=\"async\" width=\"1024\" height=\"683\" src=\"https:\/\/abc-construct.ro\/wp-content\/uploads\/2021\/08\/in.jpeg\" alt=\"\" class=\"wp-image-251\" srcset=\"https:\/\/abc-construct.ro\/wp-content\/uploads\/2021\/08\/in.jpeg 1024w, https:\/\/abc-construct.ro\/wp-content\/uploads\/2021\/08\/in-300x200.jpeg 300w, https:\/\/abc-construct.ro\/wp-content\/uploads\/2021\/08\/in-768x512.jpeg 768w\" sizes=\"auto, (max-width: 1024px) 100vw, 1024px\" \/><\/figure>\n\n\n\n<p><strong>Montaj tevi de scurgere<\/strong><\/p>\n\n\n\n<p>Montam tevi de scurgere bine dimensionate si pozitionate, pentru debitul de apa estimat.<\/p>\n\n\n\n<figure class=\"wp-block-image size-full\"><img loading=\"lazy\" decoding=\"async\" width=\"1024\" height=\"783\" src=\"https:\/\/abc-construct.ro\/wp-content\/uploads\/2021\/08\/in3.jpeg\" alt=\"\" class=\"wp-image-254\" srcset=\"https:\/\/abc-construct.ro\/wp-content\/uploads\/2021\/08\/in3.jpeg 1024w, https:\/\/abc-construct.ro\/wp-content\/uploads\/2021\/08\/in3-300x229.jpeg 300w, https:\/\/abc-construct.ro\/wp-content\/uploads\/2021\/08\/in3-768x587.jpeg 768w\" sizes=\"auto, (max-width: 1024px) 100vw, 1024px\" \/><\/figure>\n\n\n\n<p><strong>Montaj tevi ppr<\/strong><\/p>\n\n\n\n<p>Montam instalatii din tevi ppr. De garantia extinsa pot beneficia toti clientii interesati de servicii de calitate la un pret mic.<\/p>\n\n\n\n<figure class=\"wp-block-image size-full\"><img loading=\"lazy\" decoding=\"async\" width=\"600\" height=\"400\" src=\"https:\/\/abc-construct.ro\/wp-content\/uploads\/2021\/08\/in6.jpeg\" alt=\"\" class=\"wp-image-258\" srcset=\"https:\/\/abc-construct.ro\/wp-content\/uploads\/2021\/08\/in6.jpeg 600w, https:\/\/abc-construct.ro\/wp-content\/uploads\/2021\/08\/in6-300x200.jpeg 300w\" sizes=\"auto, (max-width: 600px) 100vw, 600px\" \/><\/figure>\n\n\n\n<p><strong>Montaj robinete<\/strong><\/p>\n\n\n\n<figure class=\"wp-block-image size-large\"><img loading=\"lazy\" decoding=\"async\" width=\"1024\" height=\"410\" src=\"https:\/\/abc-construct.ro\/wp-content\/uploads\/2021\/08\/in7-1024x410.jpeg\" alt=\"\" class=\"wp-image-259\" srcset=\"https:\/\/abc-construct.ro\/wp-content\/uploads\/2021\/08\/in7-1024x410.jpeg 1024w, https:\/\/abc-construct.ro\/wp-content\/uploads\/2021\/08\/in7-300x120.jpeg 300w, https:\/\/abc-construct.ro\/wp-content\/uploads\/2021\/08\/in7-768x307.jpeg 768w, https:\/\/abc-construct.ro\/wp-content\/uploads\/2021\/08\/in7.jpeg 1200w\" sizes=\"auto, (max-width: 1024px) 100vw, 1024px\" \/><\/figure>\n\n\n\n<p>Montajul robinetelor se va realiza cu mare atentie. Acestea vor fi supuse probelor de suprapresiune, imediat dupa finalizarea lucrarii de instalare.<\/p>\n\n\n\n<p><strong>Sisteme de drenare<\/strong><\/p>\n\n\n\n<figure class=\"wp-block-image size-large\"><img loading=\"lazy\" decoding=\"async\" width=\"1024\" height=\"993\" src=\"https:\/\/abc-construct.ro\/wp-content\/uploads\/2022\/01\/IMG_1500-1024x993.jpg\" alt=\"\" class=\"wp-image-327\" srcset=\"https:\/\/abc-construct.ro\/wp-content\/uploads\/2022\/01\/IMG_1500-1024x993.jpg 1024w, https:\/\/abc-construct.ro\/wp-content\/uploads\/2022\/01\/IMG_1500-300x291.jpg 300w, https:\/\/abc-construct.ro\/wp-content\/uploads\/2022\/01\/IMG_1500-768x745.jpg 768w, https:\/\/abc-construct.ro\/wp-content\/uploads\/2022\/01\/IMG_1500.jpg 1125w\" sizes=\"auto, (max-width: 1024px) 100vw, 1024px\" \/><\/figure>\n\n\n\n<p>Montam sisteme ecologice de drenare a apei cu echipa de profesioni\u0219ti \u00een domeniu.<br>Economise\u0219te timp \u0219i bani cu noul sistem de drenare a apei uzate.<br>Amortizarea investiei este realizata rapid.<br>Oferim consultanta \u0219i proiectare gratuita pentru clien\u021bii interesati de serviciile prezentare de noi \u00een cadrul acestei pagini.<\/p>\n\n\n\n<p><strong>OFERTA DE PRET<\/strong><\/p>\n\n\n\n<p><strong>INSTALATII TERMICE \/ SANITARE \/ GAZE SI ELECTRICE<\/strong><\/p>\n\n\n\n<p><strong>&nbsp;Instalatii Incalziri<\/strong><\/p>\n\n\n\n<p>Montaj centrala termica murala 24 kw (fara strapungere cos in perete) -100 lei<br>Montaj boiler pentru centrala cu legaturi tur\/retur, apa rece\/calda &#8211; 400 lei<br>Montaj boiler electric&nbsp;&#8211; 200 lei<br>Montaj calorifer panou otel standard &#8211; 70 lei<br>Montaj calorifer aluminiu Standard H=67&nbsp; L=1500 &#8211; 100 lei<br>Niplare segment calorifer aluminiu &#8211; 30 lei<br>Montaj calorifer fonta Lmax=1000 H=670&nbsp;&#8211; 120 lei<br>Niplare segment calorifer fonta&nbsp;&#8211; 40 lei<br>Montaj tevi PPR dn 20,25,32 \/metru inclusiv cleme,coturi,teuri,etc &#8211; 13 lei\/m<br>Montaj tevi PPR dn 40,50, \/metru inclusiv cleme,coturi,teuri,etc -16 lei\/m<br>Montaj tevi PPR dn 63,75&nbsp; \/metru -18 lei\/m<br>Montaj tevi PPR dn 90,110&nbsp; \/metru -27 lei\/m<br>Montaj tevi Pex&nbsp; colac dn 16,20 \/metru &#8211; 7 lei\/m<br>Montaj tevi Pex dn 25 \/metru &#8211; 9 lei\/m<br>Montaj tevi Pex dn 32 \/metru -15 lei\/m<br>Montaj tevi Pex dn 40 \/metru&nbsp; -40 lei\/m<br>Montaj tevi Cu Colac dn 12-16&nbsp; inclus sistem de prindere -17 lei\/m<br>Montaj tevi Cu Colac dn 18-22 inclus sistem de prindere &#8211; 22 lei\/m<br>Lipitura Tare Cupru&nbsp; cu electrod&nbsp;-10 lei\/buc<br>Montaj robinet tur\/retur&nbsp;-15 lei\/buc<br>Montaj Ventiloconvector pardoseala&nbsp;-100 lei<br>Montaj Ventiloconvector Tavan&nbsp;&#8211; 200 lei<br>Montaj incalzire in pardoseala \/ mp &#8211; 40 lei\/mp<br>Strapungere gaura centrala DN 110&nbsp; zidarie&nbsp;-120 lei<br>Strapungere gaura centrala DN 110&nbsp; &nbsp;perete beton&nbsp;&#8211; 200 lei<br>Montaj fitinguri (cot,Niplu ,) si Armaturi&nbsp; sub centrala&nbsp;-150 lei <\/p>\n\n\n\n<p><strong>Instalatii Sanitare\/Gaze<\/strong><\/p>\n\n\n\n<p>Montaj lavoar baie<br>100 lei<br>Montaj baterie cada\/dus<br>50 lei<\/p>\n\n\n\n<p>Montaj baterie lavoar\/chiuveta &#8211; 55 lei<br>Montaj instant apa calda &#8211; 200 lei<br>Montaj Cada termoplastice &#8211; 200 lei<br>Montaj Dus standard&nbsp;&#8211; 200 lei<br>Montat rezervor WC semiinaltime\/ inaltime &#8211; 40 lei<br>Montaj vas WC simplu &#8211; 40 lei<br>Montaj vas WC monobloc\/ bideucu baterie &#8211; 80 lei<br>Montaj WC incastrat &#8211; 250 lei<br>Montaj&nbsp; robinet trecere 1\/2&#8242; ; 3\/4\u2019\u2019, 1\u2019\u2019 &#8211; 16 lei<br>Montaj Robinet coltar 1\/2&#215;1\/2&#8243;,3\/8,3\/4 -16 lei<br>Montaj baterie dus &#8211; 30 lei<br>Montaj cada cu hidromasaj &#8211; 250 lei<br>Montaj jacuzzi &#8211; 300 lei<br>Montaj sifon scurgere &#8211; 30 lei<br>Montaj tub canalizare PP dn 32-50 include coturi,ramificatii,suporti -10 le\/m<br>Montaj masina spalat rufe, vase inclusiv racordare la utilitati &#8211; 80 lei<br>Montaj hidrofor inclusiv armaturi ,filtre ,fitinguri&nbsp;&#8211; 600 lei<br>Montaj pompa submersibila&nbsp; inclusiv armaturi ,filtre ,fitinguri &#8211; 300 lei<br>Montaj filtru impuritati &#8211; 70 lei<br>Inlocuire cartus filtru impuritati &#8211; 30 lei<br>Montaj statie dedurizare(Fitinguri si organe de reglare ) -500 &#8211; 650 lei<br>Montaj tub canalizare PP dn 110 include coturi,ramificatii,suporti &#8211; 23 lei\/m<br>Montaj tub canalizare PP dn 125 include coturi,ramificatii,suporti &#8211; 29 lei\/m<br>Montaj hota (fara strapungere perete) &#8211; 80 lei<br>Montaj electrovalva cu senzor de gaz &#8211; 200 lei<br>Montaj aragaz &#8211; 60 lei<br>Montaj regulator de presiune la aragaz &#8211; 30 lei<br>Montaj conducta gaze 1\/2,3\/4&nbsp; -inclusiv grunduit si vopsit &#8211; 40 lei\/m <\/p>\n\n\n\n<p><br>&nbsp;<strong> Instalatii Frigotehnice<\/strong><\/p>\n\n\n\n<p><br>Montaj standard cu chitul de instalare 9000 &#8211; 12000 BTU \/buc &#8211; 350 lei<br>Montaj standard cu chitul de instalare 18000 &#8211; 24000 BTU \/buc &#8211; 450 lei<br>Traseu frigorific suplimentar \/ ml manopera &#8211; 40 lei<br>Perforare suplimentara in perete \/ buc ( nu se perforeaza grinzi sau stalpi ) &#8211; 50 lei<br>Demontat&nbsp; aparat aer conditionat \/ buc &#8211; 100 lei<br>Furtun drenaj suplimentar \/ ml &#8211; 4 lei<br>Cablu electric suplimentar \/ ml doar manopera &#8211; 3 lei<br>Canal de mascare pentru traseul frigorific \/ ml &#8211; 25 lei<br>Canal de mascare pentru traseul electric \/ ml &#8211; 8 lei<br>Canal de mascare pentru traseul de condens \/ ml &#8211; 12 lei<\/p>\n\n\n\n<p>Toate lucrarile executate de firma noastra beneficiaza de garantie de 24 luni.&nbsp;<\/p>\n\n\n\n<p class=\"has-text-align-center\"><em><strong><span class=\"has-inline-color has-vivid-cyan-blue-color\">Contact:<\/span><\/strong><\/em><\/p>\n\n\n\n<p class=\"has-text-align-center\"><em><strong><span style=\"background-color:rgba(0, 0, 0, 0)\" class=\"has-inline-color has-vivid-cyan-blue-color\">Tel: 075<\/span><\/strong><\/em>7721155<\/p>\n\n\n\n<p class=\"has-text-align-center\"><em><strong><mark style=\"background-color:rgba(0, 0, 0, 0)\" class=\"has-inline-color has-vivid-cyan-blue-color\">e-mail: constructabc1@gmail.com<\/mark><\/strong><\/em><\/p>\n<\/div><\/div>\n","protected":false},"excerpt":{"rendered":"","protected":false},"author":1,"featured_media":0,"parent":0,"menu_order":0,"comment_status":"closed","ping_status":"closed","template":"","meta":{"footnotes":""},"class_list":["post-45","page","type-page","status-publish","hentry"],"yoast_head":"<!-- This site is optimized with the Yoast SEO plugin v22.7 - https:\/\/yoast.com\/wordpress\/plugins\/seo\/ -->\n<title>Instalatii sanitare Bucuresti - 0757721155 - ABC-CONSTRUCT.RO. Mai multe servicii intr-un singur loc!<\/title>\n<meta name=\"description\" content=\"Instalatii sanitare Bucuresti. Suna sau trimite mesaj la numarul comun de telefon si whatsapp 0757721155. Program nonstop\" \/>\n<meta name=\"robots\" content=\"index, follow, max-snippet:-1, max-image-preview:large, max-video-preview:-1\" \/>\n<link rel=\"canonical\" href=\"https:\/\/abc-construct.ro\/index.php\/montaj-instalatii-sanitare-si-termice\/\" \/>\n<meta property=\"og:locale\" content=\"ro_RO\" \/>\n<meta property=\"og:type\" content=\"article\" \/>\n<meta property=\"og:title\" content=\"Instalatii sanitare Bucuresti - 0757721155 - ABC-CONSTRUCT.RO. Mai multe servicii intr-un singur loc!\" \/>\n<meta property=\"og:description\" content=\"Instalatii sanitare Bucuresti. Suna sau trimite mesaj la numarul comun de telefon si whatsapp 0757721155. Program nonstop\" \/>\n<meta property=\"og:url\" content=\"https:\/\/abc-construct.ro\/index.php\/montaj-instalatii-sanitare-si-termice\/\" \/>\n<meta property=\"og:site_name\" content=\"ABC-CONSTRUCT.RO. Mai multe servicii intr-un singur loc!\" \/>\n<meta property=\"article:modified_time\" content=\"2025-02-17T14:54:16+00:00\" \/>\n<meta property=\"og:image\" content=\"https:\/\/abc-construct.ro\/wp-content\/uploads\/2021\/02\/Fisier_015-1024x768.jpeg\" \/>\n<meta name=\"twitter:card\" content=\"summary_large_image\" \/>\n<meta name=\"twitter:label1\" content=\"Timp estimat pentru citire\" \/>\n\t<meta name=\"twitter:data1\" content=\"7 minute\" \/>\n<script type=\"application\/ld+json\" class=\"yoast-schema-graph\">{\"@context\":\"https:\/\/schema.org\",\"@graph\":[{\"@type\":\"WebPage\",\"@id\":\"https:\/\/abc-construct.ro\/index.php\/montaj-instalatii-sanitare-si-termice\/\",\"url\":\"https:\/\/abc-construct.ro\/index.php\/montaj-instalatii-sanitare-si-termice\/\",\"name\":\"Instalatii sanitare Bucuresti - 0757721155 - ABC-CONSTRUCT.RO. Mai multe servicii intr-un singur loc!\",\"isPartOf\":{\"@id\":\"https:\/\/abc-construct.ro\/#website\"},\"primaryImageOfPage\":{\"@id\":\"https:\/\/abc-construct.ro\/index.php\/montaj-instalatii-sanitare-si-termice\/#primaryimage\"},\"image\":{\"@id\":\"https:\/\/abc-construct.ro\/index.php\/montaj-instalatii-sanitare-si-termice\/#primaryimage\"},\"thumbnailUrl\":\"https:\/\/abc-construct.ro\/wp-content\/uploads\/2021\/02\/Fisier_015-1024x768.jpeg\",\"datePublished\":\"2021-02-15T08:30:15+00:00\",\"dateModified\":\"2025-02-17T14:54:16+00:00\",\"description\":\"Instalatii sanitare Bucuresti. Suna sau trimite mesaj la numarul comun de telefon si whatsapp 0757721155. Program nonstop\",\"breadcrumb\":{\"@id\":\"https:\/\/abc-construct.ro\/index.php\/montaj-instalatii-sanitare-si-termice\/#breadcrumb\"},\"inLanguage\":\"ro-RO\",\"potentialAction\":[{\"@type\":\"ReadAction\",\"target\":[\"https:\/\/abc-construct.ro\/index.php\/montaj-instalatii-sanitare-si-termice\/\"]}]},{\"@type\":\"ImageObject\",\"inLanguage\":\"ro-RO\",\"@id\":\"https:\/\/abc-construct.ro\/index.php\/montaj-instalatii-sanitare-si-termice\/#primaryimage\",\"url\":\"https:\/\/abc-construct.ro\/wp-content\/uploads\/2021\/02\/Fisier_015.jpeg\",\"contentUrl\":\"https:\/\/abc-construct.ro\/wp-content\/uploads\/2021\/02\/Fisier_015.jpeg\",\"width\":1600,\"height\":1200},{\"@type\":\"BreadcrumbList\",\"@id\":\"https:\/\/abc-construct.ro\/index.php\/montaj-instalatii-sanitare-si-termice\/#breadcrumb\",\"itemListElement\":[{\"@type\":\"ListItem\",\"position\":1,\"name\":\"Home\",\"item\":\"https:\/\/abc-construct.ro\/\"},{\"@type\":\"ListItem\",\"position\":2,\"name\":\"Instalatii sanitare Bucuresti &#8211; 0757721155\"}]},{\"@type\":\"WebSite\",\"@id\":\"https:\/\/abc-construct.ro\/#website\",\"url\":\"https:\/\/abc-construct.ro\/\",\"name\":\"ABC-CONSTRUCT.RO. Mai multe servicii intr-un singur loc!\",\"description\":\"Viziunea ta, constructia noastra!\",\"publisher\":{\"@id\":\"https:\/\/abc-construct.ro\/#organization\"},\"potentialAction\":[{\"@type\":\"SearchAction\",\"target\":{\"@type\":\"EntryPoint\",\"urlTemplate\":\"https:\/\/abc-construct.ro\/?s={search_term_string}\"},\"query-input\":\"required name=search_term_string\"}],\"inLanguage\":\"ro-RO\"},{\"@type\":\"Organization\",\"@id\":\"https:\/\/abc-construct.ro\/#organization\",\"name\":\"ABC-CONSTRUCT.RO. Mai multe servicii intr-un singur loc!\",\"url\":\"https:\/\/abc-construct.ro\/\",\"logo\":{\"@type\":\"ImageObject\",\"inLanguage\":\"ro-RO\",\"@id\":\"https:\/\/abc-construct.ro\/#\/schema\/logo\/image\/\",\"url\":\"https:\/\/abc-construct.ro\/wp-content\/uploads\/2024\/01\/cropped-logo-abcconstruct.jpg\",\"contentUrl\":\"https:\/\/abc-construct.ro\/wp-content\/uploads\/2024\/01\/cropped-logo-abcconstruct.jpg\",\"width\":465,\"height\":465,\"caption\":\"ABC-CONSTRUCT.RO. Mai multe servicii intr-un singur loc!\"},\"image\":{\"@id\":\"https:\/\/abc-construct.ro\/#\/schema\/logo\/image\/\"}}]}<\/script>\n<!-- \/ Yoast SEO plugin. -->","yoast_head_json":{"title":"Instalatii sanitare Bucuresti - 0757721155 - ABC-CONSTRUCT.RO. Mai multe servicii intr-un singur loc!","description":"Instalatii sanitare Bucuresti. Suna sau trimite mesaj la numarul comun de telefon si whatsapp 0757721155. Program nonstop","robots":{"index":"index","follow":"follow","max-snippet":"max-snippet:-1","max-image-preview":"max-image-preview:large","max-video-preview":"max-video-preview:-1"},"canonical":"https:\/\/abc-construct.ro\/index.php\/montaj-instalatii-sanitare-si-termice\/","og_locale":"ro_RO","og_type":"article","og_title":"Instalatii sanitare Bucuresti - 0757721155 - ABC-CONSTRUCT.RO. Mai multe servicii intr-un singur loc!","og_description":"Instalatii sanitare Bucuresti. Suna sau trimite mesaj la numarul comun de telefon si whatsapp 0757721155. Program nonstop","og_url":"https:\/\/abc-construct.ro\/index.php\/montaj-instalatii-sanitare-si-termice\/","og_site_name":"ABC-CONSTRUCT.RO. Mai multe servicii intr-un singur loc!","article_modified_time":"2025-02-17T14:54:16+00:00","og_image":[{"url":"https:\/\/abc-construct.ro\/wp-content\/uploads\/2021\/02\/Fisier_015-1024x768.jpeg"}],"twitter_card":"summary_large_image","twitter_misc":{"Timp estimat pentru citire":"7 minute"},"schema":{"@context":"https:\/\/schema.org","@graph":[{"@type":"WebPage","@id":"https:\/\/abc-construct.ro\/index.php\/montaj-instalatii-sanitare-si-termice\/","url":"https:\/\/abc-construct.ro\/index.php\/montaj-instalatii-sanitare-si-termice\/","name":"Instalatii sanitare Bucuresti - 0757721155 - ABC-CONSTRUCT.RO. Mai multe servicii intr-un singur loc!","isPartOf":{"@id":"https:\/\/abc-construct.ro\/#website"},"primaryImageOfPage":{"@id":"https:\/\/abc-construct.ro\/index.php\/montaj-instalatii-sanitare-si-termice\/#primaryimage"},"image":{"@id":"https:\/\/abc-construct.ro\/index.php\/montaj-instalatii-sanitare-si-termice\/#primaryimage"},"thumbnailUrl":"https:\/\/abc-construct.ro\/wp-content\/uploads\/2021\/02\/Fisier_015-1024x768.jpeg","datePublished":"2021-02-15T08:30:15+00:00","dateModified":"2025-02-17T14:54:16+00:00","description":"Instalatii sanitare Bucuresti. Suna sau trimite mesaj la numarul comun de telefon si whatsapp 0757721155. Program nonstop","breadcrumb":{"@id":"https:\/\/abc-construct.ro\/index.php\/montaj-instalatii-sanitare-si-termice\/#breadcrumb"},"inLanguage":"ro-RO","potentialAction":[{"@type":"ReadAction","target":["https:\/\/abc-construct.ro\/index.php\/montaj-instalatii-sanitare-si-termice\/"]}]},{"@type":"ImageObject","inLanguage":"ro-RO","@id":"https:\/\/abc-construct.ro\/index.php\/montaj-instalatii-sanitare-si-termice\/#primaryimage","url":"https:\/\/abc-construct.ro\/wp-content\/uploads\/2021\/02\/Fisier_015.jpeg","contentUrl":"https:\/\/abc-construct.ro\/wp-content\/uploads\/2021\/02\/Fisier_015.jpeg","width":1600,"height":1200},{"@type":"BreadcrumbList","@id":"https:\/\/abc-construct.ro\/index.php\/montaj-instalatii-sanitare-si-termice\/#breadcrumb","itemListElement":[{"@type":"ListItem","position":1,"name":"Home","item":"https:\/\/abc-construct.ro\/"},{"@type":"ListItem","position":2,"name":"Instalatii sanitare Bucuresti &#8211; 0757721155"}]},{"@type":"WebSite","@id":"https:\/\/abc-construct.ro\/#website","url":"https:\/\/abc-construct.ro\/","name":"ABC-CONSTRUCT.RO. Mai multe servicii intr-un singur loc!","description":"Viziunea ta, constructia noastra!","publisher":{"@id":"https:\/\/abc-construct.ro\/#organization"},"potentialAction":[{"@type":"SearchAction","target":{"@type":"EntryPoint","urlTemplate":"https:\/\/abc-construct.ro\/?s={search_term_string}"},"query-input":"required name=search_term_string"}],"inLanguage":"ro-RO"},{"@type":"Organization","@id":"https:\/\/abc-construct.ro\/#organization","name":"ABC-CONSTRUCT.RO. Mai multe servicii intr-un singur loc!","url":"https:\/\/abc-construct.ro\/","logo":{"@type":"ImageObject","inLanguage":"ro-RO","@id":"https:\/\/abc-construct.ro\/#\/schema\/logo\/image\/","url":"https:\/\/abc-construct.ro\/wp-content\/uploads\/2024\/01\/cropped-logo-abcconstruct.jpg","contentUrl":"https:\/\/abc-construct.ro\/wp-content\/uploads\/2024\/01\/cropped-logo-abcconstruct.jpg","width":465,"height":465,"caption":"ABC-CONSTRUCT.RO. Mai multe servicii intr-un singur loc!"},"image":{"@id":"https:\/\/abc-construct.ro\/#\/schema\/logo\/image\/"}}]}},"_links":{"self":[{"href":"https:\/\/abc-construct.ro\/index.php\/wp-json\/wp\/v2\/pages\/45","targetHints":{"allow":["GET"]}}],"collection":[{"href":"https:\/\/abc-construct.ro\/index.php\/wp-json\/wp\/v2\/pages"}],"about":[{"href":"https:\/\/abc-construct.ro\/index.php\/wp-json\/wp\/v2\/types\/page"}],"author":[{"embeddable":true,"href":"https:\/\/abc-construct.ro\/index.php\/wp-json\/wp\/v2\/users\/1"}],"replies":[{"embeddable":true,"href":"https:\/\/abc-construct.ro\/index.php\/wp-json\/wp\/v2\/comments?post=45"}],"version-history":[{"count":29,"href":"https:\/\/abc-construct.ro\/index.php\/wp-json\/wp\/v2\/pages\/45\/revisions"}],"predecessor-version":[{"id":819,"href":"https:\/\/abc-construct.ro\/index.php\/wp-json\/wp\/v2\/pages\/45\/revisions\/819"}],"wp:attachment":[{"href":"https:\/\/abc-construct.ro\/index.php\/wp-json\/wp\/v2\/media?parent=45"}],"curies":[{"name":"wp","href":"https:\/\/api.w.org\/{rel}","templated":true}]}}